{"id":354181,"date":"2023-02-20T23:24:36","date_gmt":"2023-02-20T23:24:36","guid":{"rendered":"https:\/\/exacta.agency\/o-nama\/"},"modified":"2023-07-30T21:01:09","modified_gmt":"2023-07-30T21:01:09","slug":"o-nama","status":"publish","type":"page","link":"https:\/\/exacta.agency\/mne\/o-nama\/","title":{"rendered":"O nama"},"content":{"rendered":"<p>[et_pb_section fb_built=&#8221;1&#8243; custom_padding_last_edited=&#8221;on|phone&#8221; _builder_version=&#8221;4.20.0&#8243; _module_preset=&#8221;default&#8221; use_background_color_gradient=&#8221;on&#8221; background_color_gradient_stops=&#8221;rgba(255,255,255,0) 65%|#1f1f1f 98%&#8221; background_color_gradient_overlays_image=&#8221;on&#8221; background_image=&#8221;https:\/\/exacta.agency\/wp-content\/uploads\/2023\/02\/about-us-hero.jpg&#8221; custom_padding=&#8221;||150px||false|false&#8221; custom_padding_tablet=&#8221;||80px||false|false&#8221; custom_padding_phone=&#8221;||60px||false|false&#8221; animation_style=&#8221;zoom&#8221; animation_duration=&#8221;1500ms&#8221; animation_intensity_zoom=&#8221;4%&#8221; locked=&#8221;off&#8221; global_colors_info=&#8221;{}&#8221;][et_pb_row _builder_version=&#8221;4.20.0&#8243; _module_preset=&#8221;default&#8221; width=&#8221;90%&#8221; width_tablet=&#8221;90%&#8221; width_phone=&#8221;95%&#8221; width_last_edited=&#8221;on|phone&#8221; custom_margin=&#8221;150px||||false|false&#8221; custom_margin_tablet=&#8221;80px||||false|false&#8221; custom_margin_phone=&#8221;100px||0px||false|false&#8221; custom_margin_last_edited=&#8221;on|tablet&#8221; global_colors_info=&#8221;{}&#8221;][et_pb_column type=&#8221;4_4&#8243; _builder_version=&#8221;4.20.0&#8243; _module_preset=&#8221;default&#8221; global_colors_info=&#8221;{}&#8221;][et_pb_text _builder_version=&#8221;4.20.4&#8243; _module_preset=&#8221;default&#8221; header_font=&#8221;|600||on|||||&#8221; header_text_align=&#8221;center&#8221; header_text_color=&#8221;#FFFFFF&#8221; header_font_size=&#8221;60px&#8221; header_letter_spacing=&#8221;17px&#8221; custom_margin=&#8221;50px||50px||false|false&#8221; animation_style=&#8221;fade&#8221; header_font_size_tablet=&#8221;60px&#8221; header_font_size_phone=&#8221;40px&#8221; header_font_size_last_edited=&#8221;on|phone&#8221; header_letter_spacing_tablet=&#8221;10px&#8221; header_letter_spacing_phone=&#8221;8px&#8221; header_letter_spacing_last_edited=&#8221;on|desktop&#8221; animation_delay_tablet=&#8221;&#8221; animation_delay_phone=&#8221;&#8221; animation_delay_last_edited=&#8221;on|desktop&#8221; locked=&#8221;off&#8221; global_colors_info=&#8221;{}&#8221;]<\/p>\n<h1>O nama<\/h1>\n<p>[\/et_pb_text][\/et_pb_column][\/et_pb_row][\/et_pb_section][et_pb_section fb_built=&#8221;1&#8243; custom_padding_last_edited=&#8221;off|desktop&#8221; _builder_version=&#8221;4.20.0&#8243; _module_preset=&#8221;default&#8221; background_color=&#8221;#1F1F1F&#8221; use_background_color_gradient=&#8221;on&#8221; background_color_gradient_direction=&#8221;90deg&#8221; background_color_gradient_stops=&#8221;#1f1f1f 50%|#e3dfd7 50%&#8221; custom_padding=&#8221;15px||15px||true|false&#8221; locked=&#8221;off&#8221; global_colors_info=&#8221;{}&#8221;][et_pb_row column_structure=&#8221;3_4,1_4&#8243; make_equal=&#8221;on&#8221; custom_padding_last_edited=&#8221;on|desktop&#8221; module_class=&#8221;reverse-columns-mobile&#8221; _builder_version=&#8221;4.20.0&#8243; _module_preset=&#8221;default&#8221; z_index=&#8221;1&#8243; width=&#8221;90%&#8221; custom_margin=&#8221;-30px||-30px||false|false&#8221; custom_padding=&#8221;60px|30px|60px|30px|true|true&#8221; custom_padding_tablet=&#8221;|15px||15px|true|true&#8221; custom_padding_phone=&#8221;|15px||15px|true|true&#8221; animation_style=&#8221;slide&#8221; animation_direction=&#8221;left&#8221; animation_intensity_slide=&#8221;4%&#8221; border_width_right=&#8221;5px&#8221; border_color_right=&#8221;#AB8B46&#8243; global_colors_info=&#8221;{}&#8221;][et_pb_column type=&#8221;3_4&#8243; _builder_version=&#8221;4.20.0&#8243; _module_preset=&#8221;default&#8221; global_colors_info=&#8221;{}&#8221;][et_pb_text _builder_version=&#8221;4.20.0&#8243; _module_preset=&#8221;default&#8221; text_text_color=&#8221;#000000&#8243; global_colors_info=&#8221;{}&#8221;]<\/p>\n<p>Exacta je full-service marketin\u0161ka agencija, koja pove\u0107ava efikasnost va\u0161ih digitalnih kanala.<\/p>\n<p>Na\u0161 tim se sastoji od posve\u0107enih i iskusnih profesionalaca iz raznih oblasti.<\/p>\n<p>Najbitnije od svega, do sr\u017ei smo fokusirani na kreiranje novog nivoa marketinga.<\/p>\n<p>[\/et_pb_text][\/et_pb_column][et_pb_column type=&#8221;1_4&#8243; module_class=&#8221;vertical-align&#8221; _builder_version=&#8221;4.20.0&#8243; _module_preset=&#8221;default&#8221; global_colors_info=&#8221;{}&#8221;][et_pb_text _builder_version=&#8221;4.20.4&#8243; _module_preset=&#8221;default&#8221; header_2_font=&#8221;|600||on|||||&#8221; header_2_text_align=&#8221;right&#8221; header_2_font_size=&#8221;40px&#8221; width=&#8221;110px&#8221; width_tablet=&#8221;100%&#8221; width_phone=&#8221;100%&#8221; width_last_edited=&#8221;on|phone&#8221; module_alignment=&#8221;right&#8221; custom_margin=&#8221;0px||-1em||false|false&#8221; custom_margin_tablet=&#8221;||0em||false|false&#8221; custom_margin_phone=&#8221;||||false|false&#8221; custom_margin_last_edited=&#8221;on|phone&#8221; custom_padding=&#8221;0px||0px||false|false&#8221; global_colors_info=&#8221;{}&#8221;]<\/p>\n<h2>Ko Smo Mi<\/h2>\n<p>[\/et_pb_text][\/et_pb_column][\/et_pb_row][et_pb_row _builder_version=&#8221;4.20.0&#8243; _module_preset=&#8221;default&#8221; background_color=&#8221;#E3DFD7&#8243; positioning=&#8221;absolute&#8221; position_origin_a=&#8221;top_center&#8221; width=&#8221;97%&#8221; max_width=&#8221;1580px&#8221; height=&#8221;100%&#8221; animation_direction=&#8221;left&#8221; border_radii=&#8221;on|5px|5px|5px|5px&#8221; global_colors_info=&#8221;{}&#8221;][et_pb_column type=&#8221;4_4&#8243; _builder_version=&#8221;4.20.0&#8243; _module_preset=&#8221;default&#8221; global_colors_info=&#8221;{}&#8221;][\/et_pb_column][\/et_pb_row][\/et_pb_section][et_pb_section fb_built=&#8221;1&#8243; _builder_version=&#8221;4.21.0&#8243; _module_preset=&#8221;default&#8221; background_color=&#8221;#1F1F1F&#8221; custom_margin=&#8221;||0px||false|false&#8221; custom_padding=&#8221;||0px||false|false&#8221; hover_enabled=&#8221;0&#8243; global_colors_info=&#8221;{}&#8221; sticky_enabled=&#8221;0&#8243;][et_pb_row _builder_version=&#8221;4.20.0&#8243; _module_preset=&#8221;default&#8221; global_colors_info=&#8221;{}&#8221;][et_pb_column type=&#8221;4_4&#8243; _builder_version=&#8221;4.20.0&#8243; _module_preset=&#8221;default&#8221; global_colors_info=&#8221;{}&#8221;][et_pb_text _builder_version=&#8221;4.20.4&#8243; _module_preset=&#8221;default&#8221; header_2_font=&#8221;|600||on|||||&#8221; header_2_text_align=&#8221;center&#8221; header_2_font_size=&#8221;40px&#8221; background_layout=&#8221;dark&#8221; custom_margin=&#8221;0px||-1em||false|false&#8221; custom_padding=&#8221;0px||0px||false|false&#8221; animation_style=&#8221;fade&#8221; global_colors_info=&#8221;{}&#8221;]<\/p>\n<h2>Exacta vrijednosti<\/h2>\n<p>[\/et_pb_text][\/et_pb_column][\/et_pb_row][et_pb_row column_structure=&#8221;1_5,1_5,1_5,1_5,1_5&#8243; custom_padding_last_edited=&#8221;on|phone&#8221; _builder_version=&#8221;4.20.0&#8243; _module_preset=&#8221;default&#8221; width=&#8221;90%&#8221; width_tablet=&#8221;97%&#8221; width_phone=&#8221;&#8221; width_last_edited=&#8221;on|phone&#8221; custom_margin=&#8221;||||false|false&#8221; custom_margin_tablet=&#8221;||20px||false|false&#8221; custom_margin_phone=&#8221;||20px||false|false&#8221; custom_margin_last_edited=&#8221;on|tablet&#8221; custom_padding=&#8221;50px||50px||true|true&#8221; custom_padding_tablet=&#8221;50px||50px||true|true&#8221; custom_padding_phone=&#8221;50px||50px||true|true&#8221; locked=&#8221;off&#8221; global_colors_info=&#8221;{}&#8221;][et_pb_column type=&#8221;1_5&#8243; _builder_version=&#8221;4.20.0&#8243; _module_preset=&#8221;default&#8221; global_colors_info=&#8221;{}&#8221;][et_pb_blurb title=&#8221;Preciznost&#8221; image=&#8221;https:\/\/exacta.agency\/wp-content\/uploads\/2023\/02\/precision.png&#8221; image_icon_width=&#8221;65%&#8221; content_max_width=&#8221;149px&#8221; image_icon_width_tablet=&#8221;75%&#8221; image_icon_width_phone=&#8221;80%&#8221; image_icon_width_last_edited=&#8221;on|phone&#8221; _builder_version=&#8221;4.20.4&#8243; _module_preset=&#8221;default&#8221; header_font=&#8221;|600||on|||||&#8221; header_text_align=&#8221;center&#8221; header_font_size=&#8221;20px&#8221; image_icon_custom_margin=&#8221;||-10px||false|false&#8221; background_layout=&#8221;dark&#8221; child_filter_saturate=&#8221;0%&#8221; child_filter_invert=&#8221;100%&#8221; header_font_size_tablet=&#8221;20px&#8221; header_font_size_phone=&#8221;18px&#8221; header_font_size_last_edited=&#8221;on|phone&#8221; global_colors_info=&#8221;{}&#8221; child_filter_brightness__hover_enabled=&#8221;off|hover&#8221; child_filter_brightness__hover=&#8221;100%&#8221; child_filter_saturate__hover_enabled=&#8221;off|hover&#8221; header_text_color__hover_enabled=&#8221;off|hover&#8221; header_text_color__hover=&#8221;#E3DFD7&#8243; filter_invert__hover_enabled=&#8221;off|hover&#8221;][\/et_pb_blurb][\/et_pb_column][et_pb_column type=&#8221;1_5&#8243; _builder_version=&#8221;4.20.0&#8243; _module_preset=&#8221;default&#8221; global_colors_info=&#8221;{}&#8221;][et_pb_blurb title=&#8221;Kreativnost&#8221; image=&#8221;https:\/\/exacta.agency\/wp-content\/uploads\/2023\/02\/bulb.png&#8221; image_icon_width=&#8221;65%&#8221; content_max_width=&#8221;149px&#8221; image_icon_width_tablet=&#8221;75%&#8221; image_icon_width_phone=&#8221;80%&#8221; image_icon_width_last_edited=&#8221;on|phone&#8221; _builder_version=&#8221;4.20.0&#8243; _module_preset=&#8221;default&#8221; header_font=&#8221;|600||on|||||&#8221; header_text_align=&#8221;center&#8221; header_font_size=&#8221;20px&#8221; image_icon_custom_margin=&#8221;||-10px||false|false&#8221; background_layout=&#8221;dark&#8221; child_filter_saturate=&#8221;0%&#8221; child_filter_invert=&#8221;100%&#8221; header_font_size_tablet=&#8221;20px&#8221; header_font_size_phone=&#8221;18px&#8221; header_font_size_last_edited=&#8221;on|phone&#8221; global_colors_info=&#8221;{}&#8221; child_filter_brightness__hover_enabled=&#8221;off|hover&#8221; child_filter_brightness__hover=&#8221;100%&#8221; child_filter_saturate__hover_enabled=&#8221;off|hover&#8221; header_text_color__hover_enabled=&#8221;off|hover&#8221; header_text_color__hover=&#8221;#E3DFD7&#8243; filter_invert__hover_enabled=&#8221;off|hover&#8221;][\/et_pb_blurb][\/et_pb_column][et_pb_column type=&#8221;1_5&#8243; _builder_version=&#8221;4.20.0&#8243; _module_preset=&#8221;default&#8221; global_colors_info=&#8221;{}&#8221;][et_pb_blurb title=&#8221;Stru\u010dnost&#8221; image=&#8221;https:\/\/exacta.agency\/wp-content\/uploads\/2023\/02\/badge.png&#8221; image_icon_width=&#8221;65%&#8221; content_max_width=&#8221;149px&#8221; image_icon_width_tablet=&#8221;75%&#8221; image_icon_width_phone=&#8221;80%&#8221; image_icon_width_last_edited=&#8221;on|phone&#8221; _builder_version=&#8221;4.20.0&#8243; _module_preset=&#8221;default&#8221; header_font=&#8221;|600||on|||||&#8221; header_text_align=&#8221;center&#8221; header_font_size=&#8221;20px&#8221; image_icon_custom_margin=&#8221;||-10px||false|false&#8221; background_layout=&#8221;dark&#8221; child_filter_saturate=&#8221;0%&#8221; child_filter_invert=&#8221;100%&#8221; header_font_size_tablet=&#8221;20px&#8221; header_font_size_phone=&#8221;18px&#8221; header_font_size_last_edited=&#8221;on|phone&#8221; global_colors_info=&#8221;{}&#8221; child_filter_brightness__hover_enabled=&#8221;off|hover&#8221; child_filter_brightness__hover=&#8221;100%&#8221; child_filter_saturate__hover_enabled=&#8221;off|hover&#8221; header_text_color__hover_enabled=&#8221;off|hover&#8221; header_text_color__hover=&#8221;#E3DFD7&#8243; filter_invert__hover_enabled=&#8221;off|hover&#8221;][\/et_pb_blurb][\/et_pb_column][et_pb_column type=&#8221;1_5&#8243; _builder_version=&#8221;4.20.0&#8243; _module_preset=&#8221;default&#8221; global_colors_info=&#8221;{}&#8221;][et_pb_blurb title=&#8221;Posve\u0107enost&#8221; image=&#8221;https:\/\/exacta.agency\/wp-content\/uploads\/2023\/02\/hand-in-hand.png&#8221; image_icon_width=&#8221;65%&#8221; content_max_width=&#8221;149px&#8221; image_tablet=&#8221;https:\/\/exacta.agency\/wp-content\/uploads\/2023\/02\/hand-in-hand.png&#8221; image_phone=&#8221;https:\/\/exacta.agency\/wp-content\/uploads\/2023\/02\/hand-in-hand.png&#8221; image_last_edited=&#8221;on|desktop&#8221; image_icon_width_tablet=&#8221;75%&#8221; image_icon_width_phone=&#8221;80%&#8221; image_icon_width_last_edited=&#8221;on|phone&#8221; _builder_version=&#8221;4.20.0&#8243; _module_preset=&#8221;default&#8221; header_font=&#8221;|600||on|||||&#8221; header_text_align=&#8221;center&#8221; header_font_size=&#8221;20px&#8221; image_icon_custom_margin=&#8221;||-10px||false|false&#8221; background_layout=&#8221;dark&#8221; child_filter_saturate=&#8221;0%&#8221; child_filter_invert=&#8221;100%&#8221; header_font_size_tablet=&#8221;20px&#8221; header_font_size_phone=&#8221;18px&#8221; header_font_size_last_edited=&#8221;on|phone&#8221; global_colors_info=&#8221;{}&#8221; child_filter_brightness__hover_enabled=&#8221;off|hover&#8221; child_filter_brightness__hover=&#8221;100%&#8221; child_filter_saturate__hover_enabled=&#8221;off|hover&#8221; header_text_color__hover_enabled=&#8221;off|hover&#8221; header_text_color__hover=&#8221;#E3DFD7&#8243; filter_invert__hover_enabled=&#8221;off|hover&#8221;][\/et_pb_blurb][\/et_pb_column][et_pb_column type=&#8221;1_5&#8243; _builder_version=&#8221;4.20.0&#8243; _module_preset=&#8221;default&#8221; global_colors_info=&#8221;{}&#8221;][et_pb_blurb title=&#8221;Integritet&#8221; image=&#8221;https:\/\/exacta.agency\/wp-content\/uploads\/2023\/02\/pillar.png&#8221; image_icon_width=&#8221;65%&#8221; content_max_width=&#8221;149px&#8221; image_icon_width_tablet=&#8221;75%&#8221; image_icon_width_phone=&#8221;80%&#8221; image_icon_width_last_edited=&#8221;on|phone&#8221; _builder_version=&#8221;4.20.0&#8243; _module_preset=&#8221;default&#8221; header_font=&#8221;|600||on|||||&#8221; header_text_align=&#8221;center&#8221; header_font_size=&#8221;20px&#8221; image_icon_custom_margin=&#8221;||-10px||false|false&#8221; background_layout=&#8221;dark&#8221; child_filter_saturate=&#8221;0%&#8221; child_filter_invert=&#8221;100%&#8221; header_font_size_tablet=&#8221;20px&#8221; header_font_size_phone=&#8221;18px&#8221; header_font_size_last_edited=&#8221;on|phone&#8221; global_colors_info=&#8221;{}&#8221; child_filter_brightness__hover_enabled=&#8221;off|hover&#8221; child_filter_brightness__hover=&#8221;100%&#8221; child_filter_saturate__hover_enabled=&#8221;off|hover&#8221; header_text_color__hover_enabled=&#8221;off|hover&#8221; header_text_color__hover=&#8221;#E3DFD7&#8243; filter_invert__hover_enabled=&#8221;off|hover&#8221;][\/et_pb_blurb][\/et_pb_column][\/et_pb_row][\/et_pb_section][et_pb_section fb_built=&#8221;1&#8243; custom_padding_last_edited=&#8221;on|phone&#8221; module_id=&#8221;web&#8221; module_class=&#8221;reverse-columns-mobile tablet-two-cols&#8221; _builder_version=&#8221;4.21.0&#8243; _module_preset=&#8221;default&#8221; background_color=&#8221;#1F1F1F&#8221; background_enable_image=&#8221;off&#8221; custom_margin_last_edited=&#8221;off|phone&#8221; custom_padding=&#8221;10px||10px||true|false&#8221; custom_padding_tablet=&#8221;10px||10px||true|false&#8221; custom_padding_phone=&#8221;10px||10px||true|false&#8221; global_colors_info=&#8221;{}&#8221; custom_margin__hover_enabled=&#8221;off|desktop&#8221; locked=&#8221;off&#8221;][et_pb_row custom_padding_last_edited=&#8221;on|tablet&#8221; _builder_version=&#8221;4.21.0&#8243; _module_preset=&#8221;default&#8221; width=&#8221;100%&#8221; max_width=&#8221;100%&#8221; overflow-x=&#8221;visible&#8221; custom_padding=&#8221;0px||0px||false|false&#8221; custom_padding_tablet=&#8221;0px||||false|false&#8221; custom_padding_phone=&#8221;0px||||false|false&#8221; global_colors_info=&#8221;{}&#8221;][et_pb_column type=&#8221;4_4&#8243; _builder_version=&#8221;4.16&#8243; _module_preset=&#8221;default&#8221; global_colors_info=&#8221;{}&#8221;][dsm_image_carousel gallery_ids=&#8221;354273,354276,354282,354285,354288,354291,353463,353466,353467,353471,353470,354295&#8243; slider_direction=&#8221;rtl&#8221; centered_slides=&#8221;on&#8221; slide_to_show=&#8221;6&#8243; speed=&#8221;5500&#8243; autoplay_speed=&#8221;0&#8243; space_between=&#8221;100&#8243; infinite_smooth_scrolling=&#8221;on&#8221; slide_to_show_tablet=&#8221;4&#8243; slide_to_show_phone=&#8221;3&#8243; slide_to_show_last_edited=&#8221;on|phone&#8221; space_between_tablet=&#8221;50&#8243; space_between_phone=&#8221;0&#8243; space_between_last_edited=&#8221;on|phone&#8221; _builder_version=&#8221;4.21.0&#8243; _module_preset=&#8221;default&#8221; overflow-x=&#8221;visible&#8221; custom_margin=&#8221;0px||0px||false|false&#8221; custom_padding=&#8221;0px||0px||false|false&#8221; locked=&#8221;off&#8221; global_colors_info=&#8221;{}&#8221;][\/dsm_image_carousel][\/et_pb_column][\/et_pb_row][\/et_pb_section]<\/p>\n","protected":false},"excerpt":{"rendered":"<p>O namaExacta je full-service marketin\u0161ka agencija, koja pove\u0107ava efikasnost va\u0161ih digitalnih kanala. Na\u0161 tim se sastoji od posve\u0107enih i iskusnih profesionalaca iz raznih oblasti. Najbitnije od svega, do sr\u017ei smo fokusirani na kreiranje novog nivoa marketinga.Ko Smo MiExacta vrijednosti<div class=\"et_pb_module dsm_image_carousel dsm_image_carousel_0  dsm_image_carousel_arrow_outside dsm_image_carousel_arrow_mobile_inside \">\n\t\t\t\t\n\t\t\t\t\n\t\t\t\t\n\t\t\t\t\n\t\t\t\t\n\t\t\t\t\n\t\t\t\t<div class=\"et_pb_module_inner\">\n\t\t\t\t\t<div class=\"swiper-container dsm_image_carousel_container\" dir=\"&#8221;rtl&#8221;\" data-effect=\"default\"\n\t\t\tdata-slider-effect-shadows=\"false\"\n\t\t\tdata-slider-effect-coverflow-rotate=\"30\"\n\t\t\tdata-slider-effect-coverflow-depth=\"0\"\n\t\t\tdata-loop=\"true\"\n\t\t\tdata-slide-to-show=\"&#8221;6&#8243;\"\n\t\t\tdata-slide-to-show-tablet=\"1\"\n\t\t\tdata-slide-to-show-phone=\"1\"\n\t\t\tdata-slide-to-scroll=\"1\"\n\t\t\tdata-slide-to-scroll-tablet=\"1\"\n\t\t\tdata-slide-to-scroll-phone=\"1\"\n\t\t\tdata-space-between=\"&#8221;100&#8243;\"\n\t\t\tdata-space-between-tablet=\"&#8221;100&#8243;\"\n\t\t\tdata-space-between-phone=\"&#8221;100&#8243;\"\n\t\t\tdata-slide-row=\"1\"\n\t\t\tdata-centered-slides=\"true\"\n\t\t\tdata-speed=\"&#8221;5500&#8243;\"\n\t\t\tdata-autoplay=\"true\"\n\t\t\tdata-autoplay-speed=\"&#8221;0&#8243;\"\n\t\t\tdata-touch-move=\"true\"\n\t\t\tdata-grab=\"true\"\n\t\t\tdata-pause-on-hover=\"false\"\n\t\t\tdata-show-lightbox=\"false\"\n\t\t\tdata-lightbox-gallery=\"false\"\n\t\t\tdata-lightbox-caption=\"false\"\n\t\t\tdata-infinite-scrolling=\"false\"\n\t\t\t><div class=\"swiper-wrapper\"><div class=\"swiper-slide dsm_image_carousel_item\"><img loading=\"lazy\" decoding=\"async\" src=\"https:\/\/exacta.agency\/wp-content\/uploads\/2023\/07\/duo-s.png\" alt=\"\" title=\"duo-s\" width=\"300\" height=\"300\" data-dsm-image-description=\"\" srcset=\"https:\/\/exacta.agency\/wp-content\/uploads\/2023\/07\/duo-s.png 300w, https:\/\/exacta.agency\/wp-content\/uploads\/2023\/07\/duo-s-150x150.png 150w\" sizes=\"auto, (max-width: 300px) 100vw, 300px\" class=\"swiper-lazy\" \/><\/div><div class=\"swiper-slide dsm_image_carousel_item\"><img loading=\"lazy\" decoding=\"async\" src=\"https:\/\/exacta.agency\/wp-content\/uploads\/2023\/07\/mef-s.png\" alt=\"\" title=\"mef-s\" width=\"300\" height=\"300\" data-dsm-image-description=\"\" srcset=\"https:\/\/exacta.agency\/wp-content\/uploads\/2023\/07\/mef-s.png 300w, https:\/\/exacta.agency\/wp-content\/uploads\/2023\/07\/mef-s-150x150.png 150w\" sizes=\"auto, (max-width: 300px) 100vw, 300px\" class=\"swiper-lazy\" \/><\/div><div class=\"swiper-slide dsm_image_carousel_item\"><img loading=\"lazy\" decoding=\"async\" src=\"https:\/\/exacta.agency\/wp-content\/uploads\/2023\/07\/mia.png\" alt=\"\" title=\"mia\" width=\"300\" height=\"300\" data-dsm-image-description=\"\" srcset=\"https:\/\/exacta.agency\/wp-content\/uploads\/2023\/07\/mia.png 300w, https:\/\/exacta.agency\/wp-content\/uploads\/2023\/07\/mia-150x150.png 150w\" sizes=\"auto, (max-width: 300px) 100vw, 300px\" class=\"swiper-lazy\" \/><\/div><div class=\"swiper-slide dsm_image_carousel_item\"><img loading=\"lazy\" decoding=\"async\" src=\"https:\/\/exacta.agency\/wp-content\/uploads\/2023\/07\/praktis-s.png\" alt=\"\" title=\"praktis-s\" width=\"300\" height=\"300\" data-dsm-image-description=\"\" srcset=\"https:\/\/exacta.agency\/wp-content\/uploads\/2023\/07\/praktis-s.png 300w, https:\/\/exacta.agency\/wp-content\/uploads\/2023\/07\/praktis-s-150x150.png 150w\" sizes=\"auto, (max-width: 300px) 100vw, 300px\" class=\"swiper-lazy\" \/><\/div><div class=\"swiper-slide dsm_image_carousel_item\"><img loading=\"lazy\" decoding=\"async\" src=\"https:\/\/exacta.agency\/wp-content\/uploads\/2023\/07\/vrmac-s.png\" alt=\"\" title=\"vrmac-s\" width=\"300\" height=\"300\" data-dsm-image-description=\"\" srcset=\"https:\/\/exacta.agency\/wp-content\/uploads\/2023\/07\/vrmac-s.png 300w, https:\/\/exacta.agency\/wp-content\/uploads\/2023\/07\/vrmac-s-150x150.png 150w\" sizes=\"auto, (max-width: 300px) 100vw, 300px\" class=\"swiper-lazy\" \/><\/div><div class=\"swiper-slide dsm_image_carousel_item\"><img loading=\"lazy\" decoding=\"async\" src=\"https:\/\/exacta.agency\/wp-content\/uploads\/2023\/03\/coe.png\" alt=\"\" title=\"coe\" width=\"300\" height=\"300\" data-dsm-image-description=\"\" srcset=\"https:\/\/exacta.agency\/wp-content\/uploads\/2023\/03\/coe.png 300w, https:\/\/exacta.agency\/wp-content\/uploads\/2023\/03\/coe-150x150.png 150w\" sizes=\"auto, (max-width: 300px) 100vw, 300px\" class=\"swiper-lazy\" \/><\/div><div class=\"swiper-slide dsm_image_carousel_item\"><img loading=\"lazy\" decoding=\"async\" src=\"https:\/\/exacta.agency\/wp-content\/uploads\/2023\/03\/fidus.png\" alt=\"\" title=\"fidus\" width=\"300\" height=\"300\" data-dsm-image-description=\"\" srcset=\"https:\/\/exacta.agency\/wp-content\/uploads\/2023\/03\/fidus.png 300w, https:\/\/exacta.agency\/wp-content\/uploads\/2023\/03\/fidus-150x150.png 150w\" sizes=\"auto, (max-width: 300px) 100vw, 300px\" class=\"swiper-lazy\" \/><\/div><div class=\"swiper-slide dsm_image_carousel_item\"><img loading=\"lazy\" decoding=\"async\" src=\"https:\/\/exacta.agency\/wp-content\/uploads\/2023\/03\/maxivita.png\" alt=\"\" title=\"maxivita\" width=\"300\" height=\"300\" data-dsm-image-description=\"\" srcset=\"https:\/\/exacta.agency\/wp-content\/uploads\/2023\/03\/maxivita.png 300w, https:\/\/exacta.agency\/wp-content\/uploads\/2023\/03\/maxivita-150x150.png 150w\" sizes=\"auto, (max-width: 300px) 100vw, 300px\" class=\"swiper-lazy\" \/><\/div><div class=\"swiper-slide dsm_image_carousel_item\"><img loading=\"lazy\" decoding=\"async\" src=\"https:\/\/exacta.agency\/wp-content\/uploads\/2023\/03\/tring.png\" alt=\"\" title=\"tring\" width=\"300\" height=\"300\" data-dsm-image-description=\"\" srcset=\"https:\/\/exacta.agency\/wp-content\/uploads\/2023\/03\/tring.png 300w, https:\/\/exacta.agency\/wp-content\/uploads\/2023\/03\/tring-150x150.png 150w\" sizes=\"auto, (max-width: 300px) 100vw, 300px\" class=\"swiper-lazy\" \/><\/div><div class=\"swiper-slide dsm_image_carousel_item\"><img loading=\"lazy\" decoding=\"async\" src=\"https:\/\/exacta.agency\/wp-content\/uploads\/2023\/03\/sia.png\" alt=\"\" title=\"sia\" width=\"300\" height=\"300\" data-dsm-image-description=\"\" srcset=\"https:\/\/exacta.agency\/wp-content\/uploads\/2023\/03\/sia.png 300w, https:\/\/exacta.agency\/wp-content\/uploads\/2023\/03\/sia-150x150.png 150w\" sizes=\"auto, (max-width: 300px) 100vw, 300px\" class=\"swiper-lazy\" \/><\/div><div class=\"swiper-slide dsm_image_carousel_item\"><img loading=\"lazy\" decoding=\"async\" src=\"https:\/\/exacta.agency\/wp-content\/uploads\/2023\/07\/eyca-s.png\" alt=\"\" title=\"eyca-s\" width=\"300\" height=\"300\" data-dsm-image-description=\"\" srcset=\"https:\/\/exacta.agency\/wp-content\/uploads\/2023\/07\/eyca-s.png 300w, https:\/\/exacta.agency\/wp-content\/uploads\/2023\/07\/eyca-s-150x150.png 150w\" sizes=\"auto, (max-width: 300px) 100vw, 300px\" class=\"swiper-lazy\" \/><\/div><\/div><\/div>\n\t\t\t\t<\/div>\n\t\t\t<\/div><\/p>\n","protected":false},"author":1,"featured_media":0,"parent":0,"menu_order":0,"comment_status":"closed","ping_status":"closed","template":"","meta":{"_et_pb_use_builder":"on","_et_pb_old_content":"","_et_gb_content_width":"","footnotes":""},"class_list":["post-354181","page","type-page","status-publish","hentry"],"_links":{"self":[{"href":"https:\/\/exacta.agency\/mne\/wp-json\/wp\/v2\/pages\/354181","targetHints":{"allow":["GET"]}}],"collection":[{"href":"https:\/\/exacta.agency\/mne\/wp-json\/wp\/v2\/pages"}],"about":[{"href":"https:\/\/exacta.agency\/mne\/wp-json\/wp\/v2\/types\/page"}],"author":[{"embeddable":true,"href":"https:\/\/exacta.agency\/mne\/wp-json\/wp\/v2\/users\/1"}],"replies":[{"embeddable":true,"href":"https:\/\/exacta.agency\/mne\/wp-json\/wp\/v2\/comments?post=354181"}],"version-history":[{"count":4,"href":"https:\/\/exacta.agency\/mne\/wp-json\/wp\/v2\/pages\/354181\/revisions"}],"predecessor-version":[{"id":354339,"href":"https:\/\/exacta.agency\/mne\/wp-json\/wp\/v2\/pages\/354181\/revisions\/354339"}],"wp:attachment":[{"href":"https:\/\/exacta.agency\/mne\/wp-json\/wp\/v2\/media?parent=354181"}],"curies":[{"name":"wp","href":"https:\/\/api.w.org\/{rel}","templated":true}]}}